{"id":348,"date":"2023-11-21T11:17:28","date_gmt":"2023-11-21T11:17:28","guid":{"rendered":"https:\/\/fioe.igrejadesaofrancisco.pt\/wp\/?page_id=348"},"modified":"2025-07-24T15:02:37","modified_gmt":"2025-07-24T15:02:37","slug":"proximo-concerto-programa","status":"publish","type":"page","link":"https:\/\/fioe.igrejadesaofrancisco.pt\/wp\/home\/proximo-concerto-programa\/","title":{"rendered":"Pr\u00f3ximo Concerto &#8211; programa"},"content":{"rendered":"\n\n\n\n\n\n\n<font size=\"4\"><strong>Patrick Missirlian&nbsp; <\/strong>e o&nbsp;\u00f3rg\u00e3o do Espa\u00e7o d&#8217;AM &#8211; Sui\u00e7a<\/font><strong><\/strong>\n<p style=\"margin-bottom: 0cm\"><strong>SINOPSE<\/strong><\/p>\n<p style=\"margin-bottom: 0cm;\">Em breve<\/p>\n<p style=\"margin-bottom: 0cm\"><strong>PROGRAMA<\/strong><\/p>\n<p style=\"margin-bottom: 0cm\">Em breve<\/p>\n\n\n\n\n\n\n","protected":false},"excerpt":{"rendered":"","protected":false},"author":1,"featured_media":0,"parent":21,"menu_order":0,"comment_status":"closed","ping_status":"closed","template":"","meta":{"pagelayer_contact_templates":[],"_pagelayer_content":"","footnotes":""},"class_list":["post-348","page","type-page","status-publish","hentry"],"_links":{"self":[{"href":"https:\/\/fioe.igrejadesaofrancisco.pt\/wp\/wp-json\/wp\/v2\/pages\/348","targetHints":{"allow":["GET"]}}],"collection":[{"href":"https:\/\/fioe.igrejadesaofrancisco.pt\/wp\/wp-json\/wp\/v2\/pages"}],"about":[{"href":"https:\/\/fioe.igrejadesaofrancisco.pt\/wp\/wp-json\/wp\/v2\/types\/page"}],"author":[{"embeddable":true,"href":"https:\/\/fioe.igrejadesaofrancisco.pt\/wp\/wp-json\/wp\/v2\/users\/1"}],"replies":[{"embeddable":true,"href":"https:\/\/fioe.igrejadesaofrancisco.pt\/wp\/wp-json\/wp\/v2\/comments?post=348"}],"version-history":[{"count":66,"href":"https:\/\/fioe.igrejadesaofrancisco.pt\/wp\/wp-json\/wp\/v2\/pages\/348\/revisions"}],"predecessor-version":[{"id":758,"href":"https:\/\/fioe.igrejadesaofrancisco.pt\/wp\/wp-json\/wp\/v2\/pages\/348\/revisions\/758"}],"up":[{"embeddable":true,"href":"https:\/\/fioe.igrejadesaofrancisco.pt\/wp\/wp-json\/wp\/v2\/pages\/21"}],"wp:attachment":[{"href":"https:\/\/fioe.igrejadesaofrancisco.pt\/wp\/wp-json\/wp\/v2\/media?parent=348"}],"curies":[{"name":"wp","href":"https:\/\/api.w.org\/{rel}","templated":true}]}}